{"id":9,"date":"2025-07-15T12:52:56","date_gmt":"2025-07-15T12:52:56","guid":{"rendered":"https:\/\/re-dom.de\/?page_id=9"},"modified":"2025-07-15T12:52:56","modified_gmt":"2025-07-15T12:52:56","slug":"impressum","status":"publish","type":"page","link":"https:\/\/re-dom.de\/index.php\/impressum\/","title":{"rendered":"Impressum"},"content":{"rendered":"<p data-start=\"190\" data-end=\"217\"><strong data-start=\"190\" data-end=\"215\">Angaben gem\u00e4\u00df \u00a7 5 TMG<\/strong><\/p>\n<p data-start=\"224\" data-end=\"306\">Stefan Reppenhagen<br data-start=\"242\" data-end=\"245\" \/>Nordbahnhofstra\u00dfe 175<br data-start=\"268\" data-end=\"271\" \/>70191 Stuttgart<br data-start=\"288\" data-end=\"291\" \/>Deutschland<\/p>\n<p data-start=\"313\" data-end=\"346\">E-Mail: <a class=\"cursor-pointer\" rel=\"noopener\" data-start=\"321\" data-end=\"344\">s.reppenhagen@re-dom.de<\/a><\/p>\n<p data-start=\"353\" data-end=\"434\"><strong data-start=\"353\" data-end=\"409\">Verantwortlich f\u00fcr den Inhalt nach \u00a7 55 Abs. 2 RStV:<\/strong><br data-start=\"409\" data-end=\"412\" \/>Stefan Reppenhagen<\/p>\n<p data-start=\"441\" data-end=\"661\"><strong data-start=\"441\" data-end=\"464\">Haftungsausschluss:<\/strong><br data-start=\"464\" data-end=\"467\" \/>Trotz sorgf\u00e4ltiger inhaltlicher Kontrolle \u00fcbernehme ich keine Haftung f\u00fcr die Inhalte externer Links. F\u00fcr den Inhalt der verlinkten Seiten sind ausschlie\u00dflich deren Betreiber verantwortlich.<\/p>\n<p data-start=\"668\" data-end=\"886\"><strong data-start=\"668\" data-end=\"695\">Amazon-Partnerprogramm:<\/strong><br data-start=\"695\" data-end=\"698\" \/>Diese Website nimmt am Partnerprogramm von Amazon EU teil. Als Amazon-Partner verdiene ich an qualifizierten Verk\u00e4ufen. Die eingebundenen Links zu Amazon sind sogenannte Affiliate-Links.<\/p>\n","protected":false},"excerpt":{"rendered":"<p>Angaben gem\u00e4\u00df \u00a7 5 TMG Stefan ReppenhagenNordbahnhofstra\u00dfe 17570191 StuttgartDeutschland E-Mail: s.reppenhagen@re-dom.de Verantwortlich f\u00fcr den Inhalt nach \u00a7 55 Abs. 2 RStV:Stefan Reppenhagen Haftungsausschluss:Trotz sorgf\u00e4ltiger inhaltlicher Kontrolle \u00fcbernehme ich keine Haftung f\u00fcr die Inhalte externer Links. F\u00fcr den Inhalt der verlinkten Seiten sind ausschlie\u00dflich deren Betreiber verantwortlich. Amazon-Partnerprogramm:Diese Website nimmt am Partnerprogramm von Amazon EU teil. [&hellip;]<\/p>\n","protected":false},"author":1,"featured_media":0,"parent":0,"menu_order":0,"comment_status":"closed","ping_status":"closed","template":"","meta":{"footnotes":""},"class_list":["post-9","page","type-page","status-publish","hentry"],"_links":{"self":[{"href":"https:\/\/re-dom.de\/index.php\/wp-json\/wp\/v2\/pages\/9","targetHints":{"allow":["GET"]}}],"collection":[{"href":"https:\/\/re-dom.de\/index.php\/wp-json\/wp\/v2\/pages"}],"about":[{"href":"https:\/\/re-dom.de\/index.php\/wp-json\/wp\/v2\/types\/page"}],"author":[{"embeddable":true,"href":"https:\/\/re-dom.de\/index.php\/wp-json\/wp\/v2\/users\/1"}],"replies":[{"embeddable":true,"href":"https:\/\/re-dom.de\/index.php\/wp-json\/wp\/v2\/comments?post=9"}],"version-history":[{"count":1,"href":"https:\/\/re-dom.de\/index.php\/wp-json\/wp\/v2\/pages\/9\/revisions"}],"predecessor-version":[{"id":10,"href":"https:\/\/re-dom.de\/index.php\/wp-json\/wp\/v2\/pages\/9\/revisions\/10"}],"wp:attachment":[{"href":"https:\/\/re-dom.de\/index.php\/wp-json\/wp\/v2\/media?parent=9"}],"curies":[{"name":"wp","href":"https:\/\/api.w.org\/{rel}","templated":true}]}}